{"id":1977,"date":"2026-04-16T08:30:47","date_gmt":"2026-04-16T07:30:47","guid":{"rendered":"https:\/\/sayredominguez.com\/?post_type=product&#038;p=1977"},"modified":"2026-04-17T17:27:54","modified_gmt":"2026-04-17T16:27:54","slug":"semilla","status":"publish","type":"product","link":"https:\/\/sayredominguez.com\/es\/producto\/semilla\/","title":{"rendered":"Semilla"},"content":{"rendered":"<p>Illustration num\u00e9rique et gravure r\u00e9alis\u00e9e en 2023.<br data-start=\"40\" data-end=\"43\" \/>Imprim\u00e9e au format A5 sur papier recycl\u00e9 300gr.<br data-start=\"84\" data-end=\"87\" \/>Imprim\u00e9e en France.<\/p>\n<p>Il fait partie de ConBivencias: Actibismos: Una mirada bi sobre las luchas disidentes (Pikara Magazine, 2023).<\/p>","protected":false},"excerpt":{"rendered":"<p>Illustration num\u00e9rique et gravure r\u00e9alis\u00e9e en 2023.Imprim\u00e9e au format A5 sur papier recycl\u00e9 300gr.Imprim\u00e9e en France. Il fait partie de ConBivencias: Actibismos: Una mirada bi sobre las luchas disidentes (Pikara Magazine, 2023).<\/p>","protected":false},"featured_media":1978,"template":"","meta":{"_acf_changed":false},"product_brand":[],"product_cat":[29],"product_tag":[],"class_list":{"0":"post-1977","1":"product","2":"type-product","3":"status-publish","4":"has-post-thumbnail","6":"product_cat-sin-categorizar","8":"first","9":"outofstock","10":"taxable","11":"shipping-taxable","12":"purchasable","13":"product-type-simple"},"acf":[],"_links":{"self":[{"href":"https:\/\/sayredominguez.com\/es\/wp-json\/wp\/v2\/product\/1977","targetHints":{"allow":["GET"]}}],"collection":[{"href":"https:\/\/sayredominguez.com\/es\/wp-json\/wp\/v2\/product"}],"about":[{"href":"https:\/\/sayredominguez.com\/es\/wp-json\/wp\/v2\/types\/product"}],"version-history":[{"count":2,"href":"https:\/\/sayredominguez.com\/es\/wp-json\/wp\/v2\/product\/1977\/revisions"}],"predecessor-version":[{"id":1988,"href":"https:\/\/sayredominguez.com\/es\/wp-json\/wp\/v2\/product\/1977\/revisions\/1988"}],"wp:featuredmedia":[{"embeddable":true,"href":"https:\/\/sayredominguez.com\/es\/wp-json\/wp\/v2\/media\/1978"}],"wp:attachment":[{"href":"https:\/\/sayredominguez.com\/es\/wp-json\/wp\/v2\/media?parent=1977"}],"wp:term":[{"taxonomy":"product_brand","embeddable":true,"href":"https:\/\/sayredominguez.com\/es\/wp-json\/wp\/v2\/product_brand?post=1977"},{"taxonomy":"product_cat","embeddable":true,"href":"https:\/\/sayredominguez.com\/es\/wp-json\/wp\/v2\/product_cat?post=1977"},{"taxonomy":"product_tag","embeddable":true,"href":"https:\/\/sayredominguez.com\/es\/wp-json\/wp\/v2\/product_tag?post=1977"}],"curies":[{"name":"wp","href":"https:\/\/api.w.org\/{rel}","templated":true}]}}