{"id":890,"date":"2025-09-07T16:41:43","date_gmt":"2025-09-07T16:41:43","guid":{"rendered":"https:\/\/sayredominguez.com\/?page_id=890"},"modified":"2025-09-07T19:03:34","modified_gmt":"2025-09-07T19:03:34","slug":"elementor-890","status":"publish","type":"page","link":"https:\/\/sayredominguez.com\/es\/elementor-890\/","title":{"rendered":"menciones legales"},"content":{"rendered":"<div data-elementor-type=\"wp-page\" data-elementor-id=\"890\" class=\"elementor elementor-890\" data-elementor-post-type=\"page\">\n\t\t\t\t<div class=\"elementor-element elementor-element-9fc3799 e-flex e-con-boxed e-con e-parent\" data-id=\"9fc3799\" data-element_type=\"container\" data-e-type=\"container\">\n\t\t\t\t\t<div class=\"e-con-inner\">\n\t\t\t\t<div class=\"elementor-element elementor-element-cb1ac79 elementor-widget elementor-widget-heading\" data-id=\"cb1ac79\" data-element_type=\"widget\" data-e-type=\"widget\" data-widget_type=\"heading.default\">\n\t\t\t\t\t<h2 class=\"elementor-heading-title elementor-size-default\">Mentions L\u00e9gales\n<\/h2>\t\t\t\t<\/div>\n\t\t\t\t<div class=\"elementor-element elementor-element-914af97 elementor-widget elementor-widget-heading\" data-id=\"914af97\" data-element_type=\"widget\" data-e-type=\"widget\" data-widget_type=\"heading.default\">\n\t\t\t\t\t<h2 class=\"elementor-heading-title elementor-size-default\">D\u00e9finitions<\/h2>\t\t\t\t<\/div>\n\t\t\t\t<div class=\"elementor-element elementor-element-5b28807 elementor-widget elementor-widget-text-editor\" data-id=\"5b28807\" data-element_type=\"widget\" data-e-type=\"widget\" data-widget_type=\"text-editor.default\">\n\t\t\t\t\t\t\t\t\t<p data-start=\"308\" data-end=\"479\"><strong data-start=\"308\" data-end=\"318\">Client<\/strong> : toute personne physique majeure ou morale, au sens des articles 1123 et suivants du Code civil, qui visite le site objet des pr\u00e9sentes conditions g\u00e9n\u00e9rales.<\/p><p data-start=\"481\" data-end=\"609\"><strong data-start=\"481\" data-end=\"508\">Prestations et Services<\/strong> : le site <a href=\"https:\/\/sayredominguez.com\/es\/\" target=\"_new\" rel=\"noopener\" data-start=\"519\" data-end=\"575\">https:\/\/sayredominguez.com<\/a> met \u00e0 disposition des Clients :<\/p><p data-start=\"611\" data-end=\"734\"><strong data-start=\"611\" data-end=\"622\">Contenu<\/strong> : ensemble des \u00e9l\u00e9ments constituant l\u2019information pr\u00e9sente sur le site, notamment les textes, images, vid\u00e9os.<\/p><p data-start=\"736\" data-end=\"1041\"><strong data-start=\"736\" data-end=\"760\">Informations clients<\/strong> : ci-apr\u00e8s d\u00e9nomm\u00e9es \u00ab Informations \u00bb, correspondant \u00e0 l\u2019ensemble des donn\u00e9es personnelles susceptibles d\u2019\u00eatre d\u00e9tenues par <a href=\"https:\/\/sayredominguez.com\/es\/\" target=\"_new\" rel=\"noopener\" data-start=\"885\" data-end=\"941\">https:\/\/sayredominguez.com<\/a> pour la gestion du compte client, la relation client et \u00e0 des fins d\u2019analyses et de statistiques.<\/p><p data-start=\"1043\" data-end=\"1118\"><strong data-start=\"1043\" data-end=\"1058\">Utilisateur<\/strong> : internaute se connectant et utilisant le site susnomm\u00e9.<\/p><p data-start=\"1120\" data-end=\"1576\"><strong data-start=\"1120\" data-end=\"1149\">Informations personnelles<\/strong> : \u00ab les informations qui permettent, sous quelque forme que ce soit, directement ou non, l&rsquo;identification des personnes physiques auxquelles elles s&rsquo;appliquent \u00bb (article 4 de la loi n\u00b0 78-17 du 6 janvier 1978).<br data-start=\"1361\" data-end=\"1364\" \/>Les termes \u00ab donn\u00e9es \u00e0 caract\u00e8re personnel \u00bb, \u00ab personne concern\u00e9e \u00bb, \u00ab sous-traitant \u00bb et \u00ab donn\u00e9es sensibles \u00bb ont le sens d\u00e9fini par le <strong data-start=\"1503\" data-end=\"1575\">R\u00e8glement G\u00e9n\u00e9ral sur la Protection des Donn\u00e9es (RGPD : n\u00b0 2016-679)<\/strong>.<\/p>\t\t\t\t\t\t\t\t<\/div>\n\t\t\t\t<div class=\"elementor-element elementor-element-7034d76 elementor-widget elementor-widget-heading\" data-id=\"7034d76\" data-element_type=\"widget\" data-e-type=\"widget\" data-widget_type=\"heading.default\">\n\t\t\t\t\t<h2 class=\"elementor-heading-title elementor-size-default\">Pr\u00e9sentation du site internet<\/h2>\t\t\t\t<\/div>\n\t\t\t\t<div class=\"elementor-element elementor-element-39f00ff elementor-widget elementor-widget-text-editor\" data-id=\"39f00ff\" data-element_type=\"widget\" data-e-type=\"widget\" data-widget_type=\"text-editor.default\">\n\t\t\t\t\t\t\t\t\t<p>En vertu de l&rsquo;article 6 de la loi n\u00b0 2004-575 du 21 juin 2004 pour la confiance dans l&rsquo;\u00e9conomie num\u00e9rique, il est pr\u00e9cis\u00e9 aux utilisateurs du site internet <a href=\"https:\/\/sayredominguez.com\/es\/\" target=\"_new\" rel=\"noopener\" data-start=\"1772\" data-end=\"1828\">https:\/\/sayredominguez.com<\/a> l&rsquo;identit\u00e9 des diff\u00e9rents intervenants dans le cadre de sa r\u00e9alisation et de son suivi :<\/p><p data-start=\"1921\" data-end=\"2115\"><strong data-start=\"1921\" data-end=\"1937\">Propri\u00e9taire<\/strong> : Sayre Dom\u00ednguez<br data-start=\"1955\" data-end=\"1958\" \/>SIREN : 983041815 00025<br data-start=\"1983\" data-end=\"1986\" \/>TVA intracommunautaire : FR 22983041815<br data-start=\"2027\" data-end=\"2030\" \/>Adresse : 18 avenue du vent d\u2019Espagne, France<br data-start=\"2077\" data-end=\"2080\" \/>Email : <a rel=\"noopener\" data-start=\"2090\" data-end=\"2113\">hola@sayredominguez.com<\/a><\/p><p data-start=\"2119\" data-end=\"2257\"><strong data-start=\"2119\" data-end=\"2152\">Responsable de la publication<\/strong> : Sayre Dom\u00ednguez \u2013 <a rel=\"noopener\" data-start=\"2173\" data-end=\"2196\">hola@sayredominguez.com<\/a><br data-start=\"2196\" data-end=\"2199\" \/>La responsable de publication est une personne physique.<\/p><p data-start=\"2261\" data-end=\"2318\"><strong data-start=\"2261\" data-end=\"2274\">Webmaster<\/strong> : Sayre Dom\u00ednguez \u2013 <a rel=\"noopener\" data-start=\"2295\" data-end=\"2318\">hola@sayredominguez.com<\/a><\/p><p data-start=\"2322\" data-end=\"2456\"><strong data-start=\"2322\" data-end=\"2335\">H\u00e9bergeur<\/strong> :\u00a0<\/p><p data-start=\"2322\" data-end=\"2456\">HOSTINGER operations, UAB<\/p><p data-start=\"2322\" data-end=\"2456\">\u0160vitrigailos str. 34, Vilnius 03230 Lithuania<\/p><p data-start=\"2322\" data-end=\"2456\">Phone: +37064503378<\/p><p data-start=\"2322\" data-end=\"2456\">Email: domains@hostinger.com<\/p><p data-start=\"2460\" data-end=\"2549\"><strong data-start=\"2460\" data-end=\"2505\">D\u00e9l\u00e9gu\u00e9 \u00e0 la protection des donn\u00e9es (DPO)<\/strong> : Sayre Dom\u00ednguez \u2013 <a rel=\"noopener\" data-start=\"2526\" data-end=\"2549\">hola@sayredominguez.com<\/a><\/p>\t\t\t\t\t\t\t\t<\/div>\n\t\t\t\t<div class=\"elementor-element elementor-element-69766ba elementor-widget elementor-widget-heading\" data-id=\"69766ba\" data-element_type=\"widget\" data-e-type=\"widget\" data-widget_type=\"heading.default\">\n\t\t\t\t\t<h2 class=\"elementor-heading-title elementor-size-default\">Conditions g\u00e9n\u00e9rales d\u2019utilisation<\/h2>\t\t\t\t<\/div>\n\t\t\t\t<div class=\"elementor-element elementor-element-8507cf5 elementor-widget elementor-widget-text-editor\" data-id=\"8507cf5\" data-element_type=\"widget\" data-e-type=\"widget\" data-widget_type=\"text-editor.default\">\n\t\t\t\t\t\t\t\t\t<p data-start=\"2594\" data-end=\"2915\">L\u2019utilisation du site <a href=\"https:\/\/sayredominguez.com\/es\/\" target=\"_new\" rel=\"noopener\" data-start=\"2616\" data-end=\"2672\">https:\/\/sayredominguez.com<\/a> implique l\u2019acceptation pleine et enti\u00e8re des pr\u00e9sentes conditions g\u00e9n\u00e9rales d\u2019utilisation.<br data-start=\"2763\" data-end=\"2766\" \/>Celles-ci sont susceptibles d\u2019\u00eatre modifi\u00e9es ou compl\u00e9t\u00e9es \u00e0 tout moment, les utilisateurs du site sont donc invit\u00e9s \u00e0 les consulter r\u00e9guli\u00e8rement.<\/p><p data-start=\"2917\" data-end=\"3161\">Le site est normalement accessible \u00e0 tout moment aux utilisateurs. Une interruption pour maintenance technique peut toutefois \u00eatre d\u00e9cid\u00e9e, et Sayre Dom\u00ednguez s\u2019efforcera alors de communiquer pr\u00e9alablement les dates et heures de l\u2019intervention.<\/p>\t\t\t\t\t\t\t\t<\/div>\n\t\t\t\t<div class=\"elementor-element elementor-element-b4c3e09 elementor-widget elementor-widget-heading\" data-id=\"b4c3e09\" data-element_type=\"widget\" data-e-type=\"widget\" data-widget_type=\"heading.default\">\n\t\t\t\t\t<h2 class=\"elementor-heading-title elementor-size-default\">Description des services fournis<\/h2>\t\t\t\t<\/div>\n\t\t\t\t<div class=\"elementor-element elementor-element-9a33b77 elementor-widget elementor-widget-text-editor\" data-id=\"9a33b77\" data-element_type=\"widget\" data-e-type=\"widget\" data-widget_type=\"text-editor.default\">\n\t\t\t\t\t\t\t\t\t<p data-start=\"3204\" data-end=\"3548\">Le site <a href=\"https:\/\/sayredominguez.com\/es\/\" target=\"_new\" rel=\"noopener\" data-start=\"3212\" data-end=\"3268\">https:\/\/sayredominguez.com<\/a> a pour objet de fournir une information concernant l\u2019ensemble des activit\u00e9s de Sayre Dom\u00ednguez.<br data-start=\"3364\" data-end=\"3367\" \/>Sayre Dom\u00ednguez s\u2019efforce de fournir des informations aussi pr\u00e9cises que possible mais ne pourra \u00eatre tenue responsable des omissions, inexactitudes ou carences dans la mise \u00e0 jour.<\/p><p data-start=\"3550\" data-end=\"3658\">Toutes les informations indiqu\u00e9es sur le site sont donn\u00e9es \u00e0 titre indicatif et sont susceptibles d\u2019\u00e9voluer.<\/p>\t\t\t\t\t\t\t\t<\/div>\n\t\t\t\t<div class=\"elementor-element elementor-element-8329c75 elementor-widget elementor-widget-heading\" data-id=\"8329c75\" data-element_type=\"widget\" data-e-type=\"widget\" data-widget_type=\"heading.default\">\n\t\t\t\t\t<h2 class=\"elementor-heading-title elementor-size-default\">Propri\u00e9t\u00e9 intellectuelle et contrefa\u00e7ons<\/h2>\t\t\t\t<\/div>\n\t\t\t\t<div class=\"elementor-element elementor-element-e42eb70 elementor-widget elementor-widget-text-editor\" data-id=\"e42eb70\" data-element_type=\"widget\" data-e-type=\"widget\" data-widget_type=\"text-editor.default\">\n\t\t\t\t\t\t\t\t\t<p data-start=\"2917\" data-end=\"3161\">Sayre Dom\u00ednguez est propri\u00e9taire des droits de propri\u00e9t\u00e9 intellectuelle et d\u00e9tient les droits d\u2019usage sur tous les \u00e9l\u00e9ments accessibles sur le site, notamment les textes, images, graphismes, logo, vid\u00e9os et ic\u00f4nes.<\/p><p data-start=\"3925\" data-end=\"4173\">Toute reproduction, repr\u00e9sentation, modification, publication ou adaptation, totale ou partielle, du site ou de l\u2019un de ses \u00e9l\u00e9ments, quel que soit le moyen ou le proc\u00e9d\u00e9 utilis\u00e9, est interdite sauf autorisation \u00e9crite pr\u00e9alable de Sayre Dom\u00ednguez.<\/p><p data-start=\"4175\" data-end=\"4374\">Toute exploitation non autoris\u00e9e sera consid\u00e9r\u00e9e comme constitutive d\u2019une contrefa\u00e7on et poursuivie conform\u00e9ment aux dispositions des articles L.335-2 et suivants du Code de Propri\u00e9t\u00e9 Intellectuelle.<\/p>\t\t\t\t\t\t\t\t<\/div>\n\t\t\t\t<div class=\"elementor-element elementor-element-1c0117e elementor-widget elementor-widget-heading\" data-id=\"1c0117e\" data-element_type=\"widget\" data-e-type=\"widget\" data-widget_type=\"heading.default\">\n\t\t\t\t\t<h2 class=\"elementor-heading-title elementor-size-default\">Limitations de responsabilit\u00e9<\/h2>\t\t\t\t<\/div>\n\t\t\t\t<div class=\"elementor-element elementor-element-8a241d2 elementor-widget elementor-widget-text-editor\" data-id=\"8a241d2\" data-element_type=\"widget\" data-e-type=\"widget\" data-widget_type=\"text-editor.default\">\n\t\t\t\t\t\t\t\t\t<p data-start=\"4175\" data-end=\"4374\">Sayre Dom\u00ednguez ne pourra \u00eatre tenue responsable des dommages directs et indirects caus\u00e9s au mat\u00e9riel de l\u2019utilisateur lors de l\u2019acc\u00e8s au site, r\u00e9sultant notamment de l\u2019utilisation d\u2019un mat\u00e9riel inadapt\u00e9 ou obsol\u00e8te, ou de l\u2019apparition d\u2019un bug ou d\u2019une incompatibilit\u00e9.<\/p><p data-start=\"4686\" data-end=\"4823\">Sayre Dom\u00ednguez ne pourra \u00e9galement \u00eatre tenue responsable des dommages indirects tels qu\u2019une perte de march\u00e9 ou une perte d\u2019opportunit\u00e9.<\/p>\t\t\t\t\t\t\t\t<\/div>\n\t\t\t\t<div class=\"elementor-element elementor-element-338d53f elementor-widget elementor-widget-heading\" data-id=\"338d53f\" data-element_type=\"widget\" data-e-type=\"widget\" data-widget_type=\"heading.default\">\n\t\t\t\t\t<h2 class=\"elementor-heading-title elementor-size-default\">Gestion des donn\u00e9es personnelles<\/h2>\t\t\t\t<\/div>\n\t\t\t\t<div class=\"elementor-element elementor-element-9c93df3 elementor-widget elementor-widget-text-editor\" data-id=\"9c93df3\" data-element_type=\"widget\" data-e-type=\"widget\" data-widget_type=\"text-editor.default\">\n\t\t\t\t\t\t\t\t\t<h3 data-start=\"4867\" data-end=\"4899\">1. Responsable du traitement<\/h3><p data-start=\"4900\" data-end=\"5039\">Le responsable du traitement des donn\u00e9es personnelles est <strong data-start=\"4958\" data-end=\"4977\">Sayre Dom\u00ednguez<\/strong>, repr\u00e9sent\u00e9e par elle-m\u00eame.<br data-start=\"5005\" data-end=\"5008\" \/>Email : <a rel=\"noopener\" data-start=\"5016\" data-end=\"5039\">hola@sayredominguez.com<\/a><\/p><h3 data-start=\"5041\" data-end=\"5079\">2. Finalit\u00e9 des donn\u00e9es collect\u00e9es<\/h3><p data-start=\"5080\" data-end=\"5195\">Les donn\u00e9es collect\u00e9es par le site <a href=\"https:\/\/sayredominguez.com\/es\/\" target=\"_new\" rel=\"noopener\" data-start=\"5115\" data-end=\"5171\">https:\/\/sayredominguez.com<\/a> sont utilis\u00e9es pour :<\/p><ul data-start=\"5196\" data-end=\"5435\"><li data-start=\"5196\" data-end=\"5266\"><p data-start=\"5198\" data-end=\"5266\">permettre la navigation et la gestion des prestations et services,<\/p><\/li><li data-start=\"5267\" data-end=\"5306\"><p data-start=\"5269\" data-end=\"5306\">am\u00e9liorer l\u2019exp\u00e9rience utilisateur,<\/p><\/li><li data-start=\"5307\" data-end=\"5356\"><p data-start=\"5309\" data-end=\"5356\">r\u00e9pondre aux demandes de contact et de devis,<\/p><\/li><li data-start=\"5357\" data-end=\"5386\"><p data-start=\"5359\" data-end=\"5386\">g\u00e9rer la relation client,<\/p><\/li><li data-start=\"5387\" data-end=\"5435\"><p data-start=\"5389\" data-end=\"5435\">respecter les obligations l\u00e9gales et fiscales.<\/p><\/li><\/ul><p data-start=\"5437\" data-end=\"5476\">Aucune donn\u00e9e sensible n\u2019est collect\u00e9e.<\/p><h3 data-start=\"5483\" data-end=\"5513\">3. Droits des utilisateurs<\/h3><p data-start=\"5514\" data-end=\"5590\">Conform\u00e9ment au <strong data-start=\"5530\" data-end=\"5538\">RGPD<\/strong>, les utilisateurs disposent des droits suivants :<\/p><ul data-start=\"5591\" data-end=\"5832\"><li data-start=\"5591\" data-end=\"5622\"><p data-start=\"5593\" data-end=\"5622\">Droit d\u2019acc\u00e8s (article 15),<\/p><\/li><li data-start=\"5623\" data-end=\"5663\"><p data-start=\"5625\" data-end=\"5663\">Droit de rectification (article 16),<\/p><\/li><li data-start=\"5664\" data-end=\"5702\"><p data-start=\"5666\" data-end=\"5702\">Droit \u00e0 l\u2019effacement (article 17),<\/p><\/li><li data-start=\"5703\" data-end=\"5756\"><p data-start=\"5705\" data-end=\"5756\">Droit \u00e0 la limitation du traitement (article 18),<\/p><\/li><li data-start=\"5757\" data-end=\"5797\"><p data-start=\"5759\" data-end=\"5797\">Droit \u00e0 la portabilit\u00e9 (article 20),<\/p><\/li><li data-start=\"5798\" data-end=\"5832\"><p data-start=\"5800\" data-end=\"5832\">Droit d\u2019opposition (article 21).<\/p><\/li><\/ul><p data-start=\"5834\" data-end=\"5975\">Pour exercer ces droits, vous pouvez \u00e9crire \u00e0 :<br data-start=\"5881\" data-end=\"5884\" \/><strong data-start=\"5884\" data-end=\"5909\">Sayre Dom\u00ednguez \u2013 DPO<\/strong><br data-start=\"5909\" data-end=\"5912\" \/>18 avenue du vent d\u2019Espagne<br data-start=\"5939\" data-end=\"5942\" \/>Email : <a rel=\"noopener\" data-start=\"5950\" data-end=\"5973\">hola@sayredominguez.com<\/a><\/p><p data-start=\"5977\" data-end=\"6069\">Une copie d\u2019un document d\u2019identit\u00e9 valide pourra \u00eatre demand\u00e9e pour v\u00e9rifier votre identit\u00e9.<\/p><h3 data-start=\"6076\" data-end=\"6107\">4. Conservation des donn\u00e9es<\/h3><p data-start=\"6108\" data-end=\"6262\">Les donn\u00e9es sont conserv\u00e9es pour une dur\u00e9e maximale de <strong data-start=\"6163\" data-end=\"6174\">24 mois<\/strong> apr\u00e8s la fin de la relation contractuelle, sauf obligation l\u00e9gale ou fiscale contraire.<\/p>\t\t\t\t\t\t\t\t<\/div>\n\t\t\t\t<div class=\"elementor-element elementor-element-c1f1d47 elementor-widget elementor-widget-heading\" data-id=\"c1f1d47\" data-element_type=\"widget\" data-e-type=\"widget\" data-widget_type=\"heading.default\">\n\t\t\t\t\t<h2 class=\"elementor-heading-title elementor-size-default\">Cookies\n<\/h2>\t\t\t\t<\/div>\n\t\t\t\t<div class=\"elementor-element elementor-element-0b53683 elementor-widget elementor-widget-text-editor\" data-id=\"0b53683\" data-element_type=\"widget\" data-e-type=\"widget\" data-widget_type=\"text-editor.default\">\n\t\t\t\t\t\t\t\t\t<p data-start=\"6280\" data-end=\"6422\">Le site <a href=\"https:\/\/sayredominguez.com\/es\/\" target=\"_new\" rel=\"noopener\" data-start=\"6288\" data-end=\"6344\">https:\/\/sayredominguez.com<\/a> utilise des cookies pour am\u00e9liorer la navigation et l\u2019exp\u00e9rience utilisateur.<\/p><p data-start=\"6424\" data-end=\"6630\">L\u2019utilisateur peut \u00e0 tout moment configurer son navigateur pour accepter, refuser ou supprimer les cookies. Le refus des cookies peut entra\u00eener un fonctionnement limit\u00e9 de certaines fonctionnalit\u00e9s du site.<\/p>\t\t\t\t\t\t\t\t<\/div>\n\t\t\t\t<div class=\"elementor-element elementor-element-e6c18c4 elementor-widget elementor-widget-heading\" data-id=\"e6c18c4\" data-element_type=\"widget\" data-e-type=\"widget\" data-widget_type=\"heading.default\">\n\t\t\t\t\t<h2 class=\"elementor-heading-title elementor-size-default\">S\u00e9curit\u00e9<\/h2>\t\t\t\t<\/div>\n\t\t\t\t<div class=\"elementor-element elementor-element-544d51b elementor-widget elementor-widget-text-editor\" data-id=\"544d51b\" data-element_type=\"widget\" data-e-type=\"widget\" data-widget_type=\"text-editor.default\">\n\t\t\t\t\t\t\t\t\t<p data-start=\"6280\" data-end=\"6422\">Sayre Dom\u00ednguez s\u2019engage \u00e0 mettre en \u0153uvre toutes les mesures techniques et organisationnelles n\u00e9cessaires pour prot\u00e9ger les donn\u00e9es personnelles contre tout acc\u00e8s non autoris\u00e9, alt\u00e9ration, divulgation ou destruction.<\/p>\t\t\t\t\t\t\t\t<\/div>\n\t\t\t\t<div class=\"elementor-element elementor-element-e2ac83d elementor-widget elementor-widget-heading\" data-id=\"e2ac83d\" data-element_type=\"widget\" data-e-type=\"widget\" data-widget_type=\"heading.default\">\n\t\t\t\t\t<h2 class=\"elementor-heading-title elementor-size-default\">Droit applicable et juridiction<\/h2>\t\t\t\t<\/div>\n\t\t\t\t<div class=\"elementor-element elementor-element-a94ded5 elementor-widget elementor-widget-text-editor\" data-id=\"a94ded5\" data-element_type=\"widget\" data-e-type=\"widget\" data-widget_type=\"text-editor.default\">\n\t\t\t\t\t\t\t\t\t<p data-start=\"6280\" data-end=\"6422\">Tout litige en relation avec l\u2019utilisation du site <a href=\"https:\/\/sayredominguez.com\/es\/\" target=\"_new\" rel=\"noopener\" data-start=\"6959\" data-end=\"7015\">https:\/\/sayredominguez.com<\/a> est soumis au <strong data-start=\"7030\" data-end=\"7048\">droit fran\u00e7ais<\/strong>.<br data-start=\"7049\" data-end=\"7052\" \/>Sauf disposition l\u00e9gale imp\u00e9rative contraire, comp\u00e9tence exclusive est attribu\u00e9e aux tribunaux comp\u00e9tents de la juridiction correspondant au si\u00e8ge de Sayre Dom\u00ednguez.<\/p>\t\t\t\t\t\t\t\t<\/div>\n\t\t\t\t\t<\/div>\n\t\t\t\t<\/div>\n\t\t\t\t<\/div>","protected":false},"excerpt":{"rendered":"<p>Mentions L\u00e9gales D\u00e9finitions Client : toute personne physique majeure ou morale, au sens des articles 1123 et suivants du Code civil, qui visite le site objet des pr\u00e9sentes conditions g\u00e9n\u00e9rales. Prestations et Services : le site https:\/\/sayredominguez.com met \u00e0 disposition des Clients : Contenu : ensemble des \u00e9l\u00e9ments constituant l\u2019information pr\u00e9sente sur le site, notamment [&hellip;]<\/p>\n","protected":false},"author":1,"featured_media":0,"parent":0,"menu_order":0,"comment_status":"closed","ping_status":"closed","template":"","meta":{"_acf_changed":false,"footnotes":""},"class_list":["post-890","page","type-page","status-publish","hentry"],"acf":[],"_links":{"self":[{"href":"https:\/\/sayredominguez.com\/es\/wp-json\/wp\/v2\/pages\/890","targetHints":{"allow":["GET"]}}],"collection":[{"href":"https:\/\/sayredominguez.com\/es\/wp-json\/wp\/v2\/pages"}],"about":[{"href":"https:\/\/sayredominguez.com\/es\/wp-json\/wp\/v2\/types\/page"}],"author":[{"embeddable":true,"href":"https:\/\/sayredominguez.com\/es\/wp-json\/wp\/v2\/users\/1"}],"replies":[{"embeddable":true,"href":"https:\/\/sayredominguez.com\/es\/wp-json\/wp\/v2\/comments?post=890"}],"version-history":[{"count":12,"href":"https:\/\/sayredominguez.com\/es\/wp-json\/wp\/v2\/pages\/890\/revisions"}],"predecessor-version":[{"id":943,"href":"https:\/\/sayredominguez.com\/es\/wp-json\/wp\/v2\/pages\/890\/revisions\/943"}],"wp:attachment":[{"href":"https:\/\/sayredominguez.com\/es\/wp-json\/wp\/v2\/media?parent=890"}],"curies":[{"name":"wp","href":"https:\/\/api.w.org\/{rel}","templated":true}]}}